{"id":1981,"date":"2020-10-28T09:50:44","date_gmt":"2020-10-28T09:50:44","guid":{"rendered":"https:\/\/www.grupefebe.com\/?page_id=1981"},"modified":"2023-12-21T12:25:18","modified_gmt":"2023-12-21T12:25:18","slug":"politica-de-cookies","status":"publish","type":"page","link":"https:\/\/grupefebe.com\/es\/politica-de-cookies\/","title":{"rendered":"Pol\u00edtica de cookies"},"content":{"rendered":"<div id=\"cookiefirst-policy-page\"><\/div>\n<p>\u201cEl responsable se reserva expresamente el derecho a modificar unilateralmente, total o parcialmente, sin necesidad de previo aviso, la presente Pol\u00edtica de Cookies. El usuario reconoce y acepta que es su responsabilidad revisar la presente Pol\u00edtica de Cookies<br \/>\n<!--El sitio web www.grupefebe.com (el \u201cSitio Web\u201d) del que es responsable GRUP DE PROMOCI\u00d3 I DISSENY EFEBE, S.L.U.. utiliza cookies necesarias (t\u00e9cnicas y de preferencias) propias y cookies anal\u00edticas de terceros con las finalidades que se establecen en la presente pol\u00edtica. El uso y, en general, la navegaci\u00f3n por este Sitio Web implican el consentimiento del usuario a la utilizaci\u00f3n de cookies anal\u00edticas de terceros. El usuario puede revocar su consentimiento al uso de cookies anal\u00edticas en cualquier momento conforme se indica en la presente pol\u00edtica.\n\n\n<h2>Responsable del tratamiento<\/h2>\n\n\nGRUP DE PROMOCI\u00d3 I DISSENY EFEBE, S.L.U. es el responsable del tratamiento de los datos personales que se recojan a trav\u00e9s de este Sitio Web o que se generen por su uso. Puede contactar con GRUP DE PROMOCI\u00d3 I DISSENY EFEBE, S.L.U. a trav\u00e9s de cualquiera de los siguientes medios de contacto:\n\nDomicilio: C\/ Progr\u00e9s n\u00fam.45 ,(08940 Cornell\u00e0 de Llobregat, Barcelona)\nDirecci\u00f3n de correo electr\u00f3nico: <a href=\"mailto:info@grupefebe.com\">info@grupefebe.com<\/a>\n\n\n<h2>\u00bfQu\u00e9 son las cookies?<\/h2>\n\n\nLas cookies son archivos que se descargan y almacenan en el ordenador o en el dispositivo (p.ej. tableta o m\u00f3vil) del usuario con el objetivo de obtener informaci\u00f3n (incluyendo, datos personales como la direcci\u00f3n de IP) cuando el usuario visita el Sitio Web. Su finalidad principal es reconocer al usuario cada vez que acceda al Sitio Web y analizar perfiles basados en los h\u00e1bitos de navegaci\u00f3n del usuario en el Sitio Web. La informaci\u00f3n obtenida permite a GRUP DE PROMOCI\u00d3 I DISSENY EFEBE, S.L.U. mejorar los servicios ofrecidos en el Sitio Web a sus usuarios.\n\n\n<h2>\u00bfQu\u00e9 tipos de cookies utiliza el Sitio Web y con qu\u00e9 finalidades?<\/h2>\n\n\n\n\n<h3 style=\"margin-bottom: 15px;\">Cookies t\u00e9cnicas y funcionales necesarias<\/h3>\n\n\n<strong>Cookie:<\/strong> Cookies t\u00e9cnicas de GRUP DE PROMOCI\u00d3 I DISSENY EFEBE, S.L.U.\n<strong>Responsable:<\/strong> GRUP DE PROMOCI\u00d3 I DISSENY EFEBE, S.L.U. (cookies propias)\n<strong>Finalidad:<\/strong> Permitir al usuario la navegaci\u00f3n a trav\u00e9s del Sitio Web y la utilizaci\u00f3n de las diferentes opciones o servicios que en \u00e9l existan, incluyendo la gesti\u00f3n y operativa del Sitio Web y habilitar sus funciones y servicios, como, por ejemplo, controlar el tr\u00e1fico y la comunicaci\u00f3n de datos, identificar la sesi\u00f3n o acceder a partes de acceso restringido.\n<strong>Duraci\u00f3n:<\/strong> Hasta finalizar la sesi\u00f3n de navegaci\u00f3n.\n<strong>Consentimiento:<\/strong> No es necesario el consentimiento para su uso.\n\n<strong>Cookie:<\/strong> Cookies t\u00e9cnicas de gesti\u00f3n de preferencias del usuario.\n<strong>Responsable:<\/strong> GRUP DE PROMOCI\u00d3 I DISSENY EFEBE, S.L.U. (cookies propias)\n<strong>Finalidad:<\/strong> Recordar informaci\u00f3n para que el usuario acceda al servicio con determinadas caracter\u00edsticas que pueden diferenciar su experiencia de la de otros usuarios, como, por ejemplo, el idioma o el aspecto o contenido del servicio en funci\u00f3n del tipo de navegador o dispositivo a trav\u00e9s del cual el usuario accede al servicio.\n<strong>Duraci\u00f3n:<\/strong> Hasta finalizar la sesi\u00f3n de navegaci\u00f3n.\n<strong>Consentimiento:<\/strong> No es necesario el consentimiento para su uso.\n\n\n<h3 style=\"margin-bottom: 15px;\">Cookies anal\u00edticas<\/h3>\n\n\n<strong>Cookie:<\/strong> Cookies anal\u00edticas de Google.\n<strong>Responsable:<\/strong> Google Inc. (cookies de terceros)\n<strong>Finalidad:<\/strong> \u00abRecopilar datos sobre la frecuencia de uso del Sitio Web, la duraci\u00f3n de las visitas, la p\u00e1gina web de origen de los visitantes o el pa\u00eds desde el que acceden, datos de conexi\u00f3n, etc., a efectos de gestionar la experiencia del cliente y de elaboraci\u00f3n de estad\u00edsticas de la actividad. La configuraci\u00f3n de estas cookies viene predeterminada por Google. M\u00e1s informaci\u00f3n.\n<strong>Duraci\u00f3n:<\/strong> De 0 minutos a 2 a\u00f1os. M\u00e1s informaci\u00f3n\n<strong>Consentimiento:<\/strong> Puede deshabilitar estas cookies a trav\u00e9s del sistema de opt-out de Google accesible aqu\u00ed.\n\n\n<h2>Cesiones y transferencias internacionales de datos<\/h2>\n\n\nGRUP DE PROMOCI\u00d3 I DISSENY EFEBE, S.L.U. no cede datos obtenidos mediante las cookies.\n\nEl usuario queda informado de que Google est\u00e1 ubicado fuera del Espacio Econ\u00f3mico Europeo (\u201cEEE\u201d), en particular, en los EEUU, un pa\u00eds que no ofrece un nivel de protecci\u00f3n equivalente al ofrecido en el EEE. No obstante, Google, est\u00e1 adherido al sistema de Escudo de Privacidad (Privacy Shield) que es una garant\u00eda de que cumple con los est\u00e1ndares de protecci\u00f3n aplicables en los pa\u00edses del EEE. Para m\u00e1s informaci\u00f3n sobre c\u00f3mo trata Google sus datos personales, consulte los enlaces localizados en la tabla m\u00e1s arriba.\n\n\n<h2>Base jur\u00eddica del tratamiento<\/h2>\n\n\nEl tratamiento de los datos personales, en relaci\u00f3n con el uso de las cookies anal\u00edticas de terceros, de los usuarios se basa en el consentimiento del usuario, que se manifiesta cuando contin\u00faa navegando por el Sitio Web habiendo sido informado, mediante el aviso emergente, de que tal actuaci\u00f3n constituir\u00e1 la manifestaci\u00f3n de su consentimiento. El usuario puede revocar dicho consentimiento en cualquier momento conforme se explica en esta pol\u00edtica de cookies y mediante el bot\u00f3n habilitado a tal efecto.\n\n\n<h2>Plazo de conservaci\u00f3n<\/h2>\n\n\nLos plazos de conservaci\u00f3n de las cookies depender\u00e1n de la cookie y de su titular seg\u00fan se indica en la tabla m\u00e1s arriba.\n\n\n<h2>Desactivaci\u00f3n de cookies<\/h2>\n\n\nEl Sitio Web es accesible sin necesidad de que las anteriores cookies est\u00e9n activadas. Puede desactivarlas utilizando los enlaces incluidos en la tabla m\u00e1s arriba o mediante las opciones de configuraci\u00f3n disponibles en el navegador que el usuario est\u00e9 utilizando. El usuario podr\u00e1 -en cualquier momento- revocar el consentimiento prestado a trav\u00e9s del bot\u00f3n \u201cAceptar\u201d habilitado en el aviso de cookies. En lo que a las cookies de terceros se refiere, puede utilizar los sistemas de desactivaci\u00f3n de cookies establecidos por dichos terceros:\n\nGoogle Analytics (<a href=\"https:\/\/tools.google.com\/dlpage\/gaoptout\" target=\"_blank\" rel=\"noopener noreferrer\">https:\/\/tools.google.com\/dlpage\/gaoptout<\/a>) La desactivaci\u00f3n de las cookies de Google Analytics no impedir\u00e1 el uso de este Sitio Web.\nSi lo desea puede ver los v\u00eddeos desarrollados por la Agencia Espa\u00f1ola de Protecci\u00f3n de Datos con la finalidad de explicar c\u00f3mo configurar las opciones de privacidad desde diferentes plataformas y equipos haga clic aqu\u00ed: <a href=\"https:\/\/www.aepd.es\/areas\/internet\/protege-tu-privacidad.html\" target=\"_blank\" rel=\"noopener noreferrer\">https:\/\/www.aepd.es\/areas\/internet\/protege-tu-privacidad.html<\/a>.\n\n\n<h2>Derechos de los usuarios<\/h2>\n\n\nGRUP DE PROMOCI\u00d3 I DISSENY EFEBE, S.L.U. informa a los usuarios de que pueden ejercitar el derecho de acceso, oposici\u00f3n, supresi\u00f3n, limitaci\u00f3n del tratamiento, rectificaci\u00f3n, portabilidad, a no ser objeto de decisiones individuales automatizadas y a retirar el consentimiento previamente otorgado y cualesquiera otros reconocidos por la normativa aplicable en cada momento, mediante comunicaci\u00f3n por escrito, acreditando su identidad, a info@grupefebe.com. Asimismo, el usuario puede presentar reclamaciones ante la autoridad de control competente en materia de protecci\u00f3n de datos, en el caso de Espa\u00f1a, la Agencia Espa\u00f1ola de Protecci\u00f3n de Datos (<a href=\"www.aepd.es\" target=\"_blank\" rel=\"noopener noreferrer\">www.aepd.es<\/a>).--><\/p>\n","protected":false},"excerpt":{"rendered":"<p>\u201cEl responsable se reserva expresamente el derecho a modificar unilateralmente, total o parcialmente, sin necesidad de previo aviso, la presente [&hellip;]<\/p>\n","protected":false},"author":1,"featured_media":0,"parent":0,"menu_order":0,"comment_status":"closed","ping_status":"closed","template":"","meta":{"_acf_changed":false,"footnotes":"","_links_to":"","_links_to_target":""},"class_list":["post-1981","page","type-page","status-publish","hentry"],"acf":[],"yoast_head":"<!-- This site is optimized with the Yoast SEO plugin v25.9 - https:\/\/yoast.com\/wordpress\/plugins\/seo\/ -->\n<title>Pol\u00edtica de cookies | Grupo Efeb\u00e9<\/title>\n<meta name=\"robots\" content=\"noindex, nofollow\" \/>\n<meta property=\"og:locale\" content=\"es_ES\" \/>\n<meta property=\"og:type\" content=\"article\" \/>\n<meta property=\"og:title\" content=\"Pol\u00edtica de cookies | Grupo Efeb\u00e9\" \/>\n<meta property=\"og:description\" content=\"\u201cEl responsable se reserva expresamente el derecho a modificar unilateralmente, total o parcialmente, sin necesidad de previo aviso, la presente [&hellip;]\" \/>\n<meta property=\"og:url\" content=\"https:\/\/grupefebe.com\/es\/politica-de-cookies\/\" \/>\n<meta property=\"og:site_name\" content=\"Grupo Efeb\u00e9\" \/>\n<meta property=\"article:publisher\" content=\"https:\/\/www.facebook.com\/grup.efebe\" \/>\n<meta property=\"article:modified_time\" content=\"2023-12-21T12:25:18+00:00\" \/>\n<meta name=\"twitter:card\" content=\"summary_large_image\" \/>\n<meta name=\"twitter:site\" content=\"@grup_efebe\" \/>\n<meta name=\"twitter:label1\" content=\"Tiempo de lectura\" \/>\n\t<meta name=\"twitter:data1\" content=\"6 minutos\" \/>\n<script type=\"application\/ld+json\" class=\"yoast-schema-graph\">{\"@context\":\"https:\/\/schema.org\",\"@graph\":[{\"@type\":\"WebPage\",\"@id\":\"https:\/\/grupefebe.com\/es\/politica-de-cookies\/\",\"url\":\"https:\/\/grupefebe.com\/es\/politica-de-cookies\/\",\"name\":\"Pol\u00edtica de cookies | Grupo Efeb\u00e9\",\"isPartOf\":{\"@id\":\"https:\/\/www.grupefebe.com\/es\/#website\"},\"datePublished\":\"2020-10-28T09:50:44+00:00\",\"dateModified\":\"2023-12-21T12:25:18+00:00\",\"breadcrumb\":{\"@id\":\"https:\/\/grupefebe.com\/es\/politica-de-cookies\/#breadcrumb\"},\"inLanguage\":\"es\",\"potentialAction\":[{\"@type\":\"ReadAction\",\"target\":[\"https:\/\/grupefebe.com\/es\/politica-de-cookies\/\"]}]},{\"@type\":\"BreadcrumbList\",\"@id\":\"https:\/\/grupefebe.com\/es\/politica-de-cookies\/#breadcrumb\",\"itemListElement\":[{\"@type\":\"ListItem\",\"position\":1,\"name\":\"Inici\",\"item\":\"https:\/\/www.grupefebe.com\/es\/\"},{\"@type\":\"ListItem\",\"position\":2,\"name\":\"Pol\u00edtica de cookies\"}]},{\"@type\":\"WebSite\",\"@id\":\"https:\/\/www.grupefebe.com\/es\/#website\",\"url\":\"https:\/\/www.grupefebe.com\/es\/\",\"name\":\"Grup Efeb\u00e9\",\"description\":\"Otro sitio realizado con WordPress\",\"publisher\":{\"@id\":\"https:\/\/www.grupefebe.com\/es\/#organization\"},\"potentialAction\":[{\"@type\":\"SearchAction\",\"target\":{\"@type\":\"EntryPoint\",\"urlTemplate\":\"https:\/\/www.grupefebe.com\/es\/?s={search_term_string}\"},\"query-input\":{\"@type\":\"PropertyValueSpecification\",\"valueRequired\":true,\"valueName\":\"search_term_string\"}}],\"inLanguage\":\"es\"},{\"@type\":\"Organization\",\"@id\":\"https:\/\/www.grupefebe.com\/es\/#organization\",\"name\":\"Grup Efeb\u00e9\",\"url\":\"https:\/\/www.grupefebe.com\/es\/\",\"logo\":{\"@type\":\"ImageObject\",\"inLanguage\":\"es\",\"@id\":\"https:\/\/www.grupefebe.com\/es\/#\/schema\/logo\/image\/\",\"url\":\"https:\/\/grupefebe.com\/custom\/uploads\/2021\/01\/logo-efebe.png\",\"contentUrl\":\"https:\/\/grupefebe.com\/custom\/uploads\/2021\/01\/logo-efebe.png\",\"width\":524,\"height\":135,\"caption\":\"Grup Efeb\u00e9\"},\"image\":{\"@id\":\"https:\/\/www.grupefebe.com\/es\/#\/schema\/logo\/image\/\"},\"sameAs\":[\"https:\/\/www.facebook.com\/grup.efebe\",\"https:\/\/x.com\/grup_efebe\",\"https:\/\/www.instagram.com\/grup_efebe\/\",\"https:\/\/www.linkedin.com\/company\/grupefebe\",\"https:\/\/www.youtube.com\/channel\/UCj11-LAuLhPfqrL2649Xzrw\"]}]}<\/script>\n<!-- \/ Yoast SEO plugin. -->","yoast_head_json":{"title":"Pol\u00edtica de cookies | Grupo Efeb\u00e9","robots":{"index":"noindex","follow":"nofollow"},"og_locale":"es_ES","og_type":"article","og_title":"Pol\u00edtica de cookies | Grupo Efeb\u00e9","og_description":"\u201cEl responsable se reserva expresamente el derecho a modificar unilateralmente, total o parcialmente, sin necesidad de previo aviso, la presente [&hellip;]","og_url":"https:\/\/grupefebe.com\/es\/politica-de-cookies\/","og_site_name":"Grupo Efeb\u00e9","article_publisher":"https:\/\/www.facebook.com\/grup.efebe","article_modified_time":"2023-12-21T12:25:18+00:00","twitter_card":"summary_large_image","twitter_site":"@grup_efebe","twitter_misc":{"Tiempo de lectura":"6 minutos"},"schema":{"@context":"https:\/\/schema.org","@graph":[{"@type":"WebPage","@id":"https:\/\/grupefebe.com\/es\/politica-de-cookies\/","url":"https:\/\/grupefebe.com\/es\/politica-de-cookies\/","name":"Pol\u00edtica de cookies | Grupo Efeb\u00e9","isPartOf":{"@id":"https:\/\/www.grupefebe.com\/es\/#website"},"datePublished":"2020-10-28T09:50:44+00:00","dateModified":"2023-12-21T12:25:18+00:00","breadcrumb":{"@id":"https:\/\/grupefebe.com\/es\/politica-de-cookies\/#breadcrumb"},"inLanguage":"es","potentialAction":[{"@type":"ReadAction","target":["https:\/\/grupefebe.com\/es\/politica-de-cookies\/"]}]},{"@type":"BreadcrumbList","@id":"https:\/\/grupefebe.com\/es\/politica-de-cookies\/#breadcrumb","itemListElement":[{"@type":"ListItem","position":1,"name":"Inici","item":"https:\/\/www.grupefebe.com\/es\/"},{"@type":"ListItem","position":2,"name":"Pol\u00edtica de cookies"}]},{"@type":"WebSite","@id":"https:\/\/www.grupefebe.com\/es\/#website","url":"https:\/\/www.grupefebe.com\/es\/","name":"Grup Efeb\u00e9","description":"Otro sitio realizado con WordPress","publisher":{"@id":"https:\/\/www.grupefebe.com\/es\/#organization"},"potentialAction":[{"@type":"SearchAction","target":{"@type":"EntryPoint","urlTemplate":"https:\/\/www.grupefebe.com\/es\/?s={search_term_string}"},"query-input":{"@type":"PropertyValueSpecification","valueRequired":true,"valueName":"search_term_string"}}],"inLanguage":"es"},{"@type":"Organization","@id":"https:\/\/www.grupefebe.com\/es\/#organization","name":"Grup Efeb\u00e9","url":"https:\/\/www.grupefebe.com\/es\/","logo":{"@type":"ImageObject","inLanguage":"es","@id":"https:\/\/www.grupefebe.com\/es\/#\/schema\/logo\/image\/","url":"https:\/\/grupefebe.com\/custom\/uploads\/2021\/01\/logo-efebe.png","contentUrl":"https:\/\/grupefebe.com\/custom\/uploads\/2021\/01\/logo-efebe.png","width":524,"height":135,"caption":"Grup Efeb\u00e9"},"image":{"@id":"https:\/\/www.grupefebe.com\/es\/#\/schema\/logo\/image\/"},"sameAs":["https:\/\/www.facebook.com\/grup.efebe","https:\/\/x.com\/grup_efebe","https:\/\/www.instagram.com\/grup_efebe\/","https:\/\/www.linkedin.com\/company\/grupefebe","https:\/\/www.youtube.com\/channel\/UCj11-LAuLhPfqrL2649Xzrw"]}]}},"_links":{"self":[{"href":"https:\/\/grupefebe.com\/es\/wp-json\/wp\/v2\/pages\/1981","targetHints":{"allow":["GET"]}}],"collection":[{"href":"https:\/\/grupefebe.com\/es\/wp-json\/wp\/v2\/pages"}],"about":[{"href":"https:\/\/grupefebe.com\/es\/wp-json\/wp\/v2\/types\/page"}],"author":[{"embeddable":true,"href":"https:\/\/grupefebe.com\/es\/wp-json\/wp\/v2\/users\/1"}],"replies":[{"embeddable":true,"href":"https:\/\/grupefebe.com\/es\/wp-json\/wp\/v2\/comments?post=1981"}],"version-history":[{"count":4,"href":"https:\/\/grupefebe.com\/es\/wp-json\/wp\/v2\/pages\/1981\/revisions"}],"predecessor-version":[{"id":14730,"href":"https:\/\/grupefebe.com\/es\/wp-json\/wp\/v2\/pages\/1981\/revisions\/14730"}],"wp:attachment":[{"href":"https:\/\/grupefebe.com\/es\/wp-json\/wp\/v2\/media?parent=1981"}],"curies":[{"name":"wp","href":"https:\/\/api.w.org\/{rel}","templated":true}]}}