{"id":24810,"date":"2023-06-26T13:43:18","date_gmt":"2023-06-26T13:43:18","guid":{"rendered":"https:\/\/www.grupefebe.com\/?page_id=24810"},"modified":"2025-01-23T15:10:49","modified_gmt":"2025-01-23T15:10:49","slug":"contato","status":"publish","type":"page","link":"https:\/\/grupefebe.com\/pt-pt\/contato\/","title":{"rendered":""},"content":{"rendered":"","protected":false},"excerpt":{"rendered":"","protected":false},"author":1,"featured_media":0,"parent":0,"menu_order":0,"comment_status":"closed","ping_status":"closed","template":"page-contact.php","meta":{"_acf_changed":false,"footnotes":"","_links_to":"","_links_to_target":""},"class_list":["post-24810","page","type-page","status-publish","hentry"],"acf":[],"yoast_head":"<!-- This site is optimized with the Yoast SEO plugin v25.9 - https:\/\/yoast.com\/wordpress\/plugins\/seo\/ -->\n<title>Contato | Grup Efeb\u00e9<\/title>\n<meta name=\"description\" content=\"Entre em contato conosco! Fale com nossa equipe para d\u00favidas, suporte ou solicita\u00e7\u00e3o de or\u00e7amento. Estamos aqui para ajudar.\" \/>\n<meta name=\"robots\" content=\"index, follow, max-snippet:-1, max-image-preview:large, max-video-preview:-1\" \/>\n<link rel=\"canonical\" href=\"https:\/\/grupefebe.com\/pt-pt\/contato\/\" \/>\n<meta property=\"og:locale\" content=\"pt_PT\" \/>\n<meta property=\"og:type\" content=\"article\" \/>\n<meta property=\"og:title\" content=\"Contato | Grup Efeb\u00e9\" \/>\n<meta property=\"og:description\" content=\"Entre em contato conosco! Fale com nossa equipe para d\u00favidas, suporte ou solicita\u00e7\u00e3o de or\u00e7amento. Estamos aqui para ajudar.\" \/>\n<meta property=\"og:url\" content=\"https:\/\/grupefebe.com\/pt-pt\/contato\/\" \/>\n<meta property=\"og:site_name\" content=\"Grupo Efeb\u00e9\" \/>\n<meta property=\"article:publisher\" content=\"https:\/\/www.facebook.com\/grup.efebe\" \/>\n<meta property=\"article:modified_time\" content=\"2025-01-23T15:10:49+00:00\" \/>\n<meta name=\"twitter:card\" content=\"summary_large_image\" \/>\n<meta name=\"twitter:site\" content=\"@grup_efebe\" \/>\n<script type=\"application\/ld+json\" class=\"yoast-schema-graph\">{\"@context\":\"https:\/\/schema.org\",\"@graph\":[{\"@type\":\"WebPage\",\"@id\":\"https:\/\/grupefebe.com\/pt-pt\/contato\/\",\"url\":\"https:\/\/grupefebe.com\/pt-pt\/contato\/\",\"name\":\"Contato | Grup Efeb\u00e9\",\"isPartOf\":{\"@id\":\"https:\/\/www.grupefebe.com\/pt-pt\/#website\"},\"datePublished\":\"2023-06-26T13:43:18+00:00\",\"dateModified\":\"2025-01-23T15:10:49+00:00\",\"description\":\"Entre em contato conosco! Fale com nossa equipe para d\u00favidas, suporte ou solicita\u00e7\u00e3o de or\u00e7amento. Estamos aqui para ajudar.\",\"inLanguage\":\"pt-PT\",\"potentialAction\":[{\"@type\":\"ReadAction\",\"target\":[\"https:\/\/grupefebe.com\/pt-pt\/contato\/\"]}]},{\"@type\":\"WebSite\",\"@id\":\"https:\/\/www.grupefebe.com\/pt-pt\/#website\",\"url\":\"https:\/\/www.grupefebe.com\/pt-pt\/\",\"name\":\"Grup Efeb\u00e9\",\"description\":\"Otro sitio realizado con WordPress\",\"publisher\":{\"@id\":\"https:\/\/www.grupefebe.com\/pt-pt\/#organization\"},\"potentialAction\":[{\"@type\":\"SearchAction\",\"target\":{\"@type\":\"EntryPoint\",\"urlTemplate\":\"https:\/\/www.grupefebe.com\/pt-pt\/?s={search_term_string}\"},\"query-input\":{\"@type\":\"PropertyValueSpecification\",\"valueRequired\":true,\"valueName\":\"search_term_string\"}}],\"inLanguage\":\"pt-PT\"},{\"@type\":\"Organization\",\"@id\":\"https:\/\/www.grupefebe.com\/pt-pt\/#organization\",\"name\":\"Grup Efeb\u00e9\",\"url\":\"https:\/\/www.grupefebe.com\/pt-pt\/\",\"logo\":{\"@type\":\"ImageObject\",\"inLanguage\":\"pt-PT\",\"@id\":\"https:\/\/www.grupefebe.com\/pt-pt\/#\/schema\/logo\/image\/\",\"url\":\"https:\/\/grupefebe.com\/custom\/uploads\/2021\/01\/logo-efebe.png\",\"contentUrl\":\"https:\/\/grupefebe.com\/custom\/uploads\/2021\/01\/logo-efebe.png\",\"width\":524,\"height\":135,\"caption\":\"Grup Efeb\u00e9\"},\"image\":{\"@id\":\"https:\/\/www.grupefebe.com\/pt-pt\/#\/schema\/logo\/image\/\"},\"sameAs\":[\"https:\/\/www.facebook.com\/grup.efebe\",\"https:\/\/x.com\/grup_efebe\",\"https:\/\/www.instagram.com\/grup_efebe\/\",\"https:\/\/www.linkedin.com\/company\/grupefebe\",\"https:\/\/www.youtube.com\/channel\/UCj11-LAuLhPfqrL2649Xzrw\"]}]}<\/script>\n<!-- \/ Yoast SEO plugin. -->","yoast_head_json":{"title":"Contato | Grup Efeb\u00e9","description":"Entre em contato conosco! Fale com nossa equipe para d\u00favidas, suporte ou solicita\u00e7\u00e3o de or\u00e7amento. Estamos aqui para ajudar.","robots":{"index":"index","follow":"follow","max-snippet":"max-snippet:-1","max-image-preview":"max-image-preview:large","max-video-preview":"max-video-preview:-1"},"canonical":"https:\/\/grupefebe.com\/pt-pt\/contato\/","og_locale":"pt_PT","og_type":"article","og_title":"Contato | Grup Efeb\u00e9","og_description":"Entre em contato conosco! Fale com nossa equipe para d\u00favidas, suporte ou solicita\u00e7\u00e3o de or\u00e7amento. Estamos aqui para ajudar.","og_url":"https:\/\/grupefebe.com\/pt-pt\/contato\/","og_site_name":"Grupo Efeb\u00e9","article_publisher":"https:\/\/www.facebook.com\/grup.efebe","article_modified_time":"2025-01-23T15:10:49+00:00","twitter_card":"summary_large_image","twitter_site":"@grup_efebe","schema":{"@context":"https:\/\/schema.org","@graph":[{"@type":"WebPage","@id":"https:\/\/grupefebe.com\/pt-pt\/contato\/","url":"https:\/\/grupefebe.com\/pt-pt\/contato\/","name":"Contato | Grup Efeb\u00e9","isPartOf":{"@id":"https:\/\/www.grupefebe.com\/pt-pt\/#website"},"datePublished":"2023-06-26T13:43:18+00:00","dateModified":"2025-01-23T15:10:49+00:00","description":"Entre em contato conosco! Fale com nossa equipe para d\u00favidas, suporte ou solicita\u00e7\u00e3o de or\u00e7amento. Estamos aqui para ajudar.","inLanguage":"pt-PT","potentialAction":[{"@type":"ReadAction","target":["https:\/\/grupefebe.com\/pt-pt\/contato\/"]}]},{"@type":"WebSite","@id":"https:\/\/www.grupefebe.com\/pt-pt\/#website","url":"https:\/\/www.grupefebe.com\/pt-pt\/","name":"Grup Efeb\u00e9","description":"Otro sitio realizado con WordPress","publisher":{"@id":"https:\/\/www.grupefebe.com\/pt-pt\/#organization"},"potentialAction":[{"@type":"SearchAction","target":{"@type":"EntryPoint","urlTemplate":"https:\/\/www.grupefebe.com\/pt-pt\/?s={search_term_string}"},"query-input":{"@type":"PropertyValueSpecification","valueRequired":true,"valueName":"search_term_string"}}],"inLanguage":"pt-PT"},{"@type":"Organization","@id":"https:\/\/www.grupefebe.com\/pt-pt\/#organization","name":"Grup Efeb\u00e9","url":"https:\/\/www.grupefebe.com\/pt-pt\/","logo":{"@type":"ImageObject","inLanguage":"pt-PT","@id":"https:\/\/www.grupefebe.com\/pt-pt\/#\/schema\/logo\/image\/","url":"https:\/\/grupefebe.com\/custom\/uploads\/2021\/01\/logo-efebe.png","contentUrl":"https:\/\/grupefebe.com\/custom\/uploads\/2021\/01\/logo-efebe.png","width":524,"height":135,"caption":"Grup Efeb\u00e9"},"image":{"@id":"https:\/\/www.grupefebe.com\/pt-pt\/#\/schema\/logo\/image\/"},"sameAs":["https:\/\/www.facebook.com\/grup.efebe","https:\/\/x.com\/grup_efebe","https:\/\/www.instagram.com\/grup_efebe\/","https:\/\/www.linkedin.com\/company\/grupefebe","https:\/\/www.youtube.com\/channel\/UCj11-LAuLhPfqrL2649Xzrw"]}]}},"_links":{"self":[{"href":"https:\/\/grupefebe.com\/pt-pt\/wp-json\/wp\/v2\/pages\/24810","targetHints":{"allow":["GET"]}}],"collection":[{"href":"https:\/\/grupefebe.com\/pt-pt\/wp-json\/wp\/v2\/pages"}],"about":[{"href":"https:\/\/grupefebe.com\/pt-pt\/wp-json\/wp\/v2\/types\/page"}],"author":[{"embeddable":true,"href":"https:\/\/grupefebe.com\/pt-pt\/wp-json\/wp\/v2\/users\/1"}],"replies":[{"embeddable":true,"href":"https:\/\/grupefebe.com\/pt-pt\/wp-json\/wp\/v2\/comments?post=24810"}],"version-history":[{"count":4,"href":"https:\/\/grupefebe.com\/pt-pt\/wp-json\/wp\/v2\/pages\/24810\/revisions"}],"predecessor-version":[{"id":26721,"href":"https:\/\/grupefebe.com\/pt-pt\/wp-json\/wp\/v2\/pages\/24810\/revisions\/26721"}],"wp:attachment":[{"href":"https:\/\/grupefebe.com\/pt-pt\/wp-json\/wp\/v2\/media?parent=24810"}],"curies":[{"name":"wp","href":"https:\/\/api.w.org\/{rel}","templated":true}]}}