{"id":24819,"date":"2024-06-13T12:41:21","date_gmt":"2024-06-13T12:41:21","guid":{"rendered":"https:\/\/www.grupefebe.com\/home\/"},"modified":"2025-01-24T16:36:18","modified_gmt":"2025-01-24T16:36:18","slug":"home","status":"publish","type":"page","link":"https:\/\/grupefebe.com\/pt-pt\/","title":{"rendered":"Home"},"content":{"rendered":"","protected":false},"excerpt":{"rendered":"","protected":false},"author":1,"featured_media":0,"parent":0,"menu_order":0,"comment_status":"closed","ping_status":"closed","template":"page-home.php","meta":{"_acf_changed":false,"footnotes":"","_links_to":"","_links_to_target":""},"class_list":["post-24819","page","type-page","status-publish","hentry"],"acf":[],"yoast_head":"<!-- This site is optimized with the Yoast SEO plugin v25.9 - https:\/\/yoast.com\/wordpress\/plugins\/seo\/ -->\n<title>Arquitetura Saud\u00e1vel e Design Centrado no Humano | Grup Efeb\u00e9<\/title>\n<meta name=\"description\" content=\"Especialistas em arquitetura saud\u00e1vel e sustent\u00e1vel. Com 20 anos de experi\u00eancia e mais de 140 projetos realizados. Descubra o Grup Efeb\u00e9.\" \/>\n<meta name=\"robots\" content=\"index, follow, max-snippet:-1, max-image-preview:large, max-video-preview:-1\" \/>\n<link rel=\"canonical\" href=\"https:\/\/grupefebe.com\/pt-pt\/\" \/>\n<meta property=\"og:locale\" content=\"pt_PT\" \/>\n<meta property=\"og:type\" content=\"article\" \/>\n<meta property=\"og:title\" content=\"Grup Efeb\u00e9\" \/>\n<meta property=\"og:description\" content=\"Grup Efeb\u00e9 som especialistes en reformes d&#039;escoles, arquitectura per resid\u00e8ncies de gent gran i en reformar oficines. Descobreix com ho fem!\" \/>\n<meta property=\"og:url\" content=\"https:\/\/grupefebe.com\/pt-pt\/\" \/>\n<meta property=\"og:site_name\" content=\"Grupo Efeb\u00e9\" \/>\n<meta property=\"article:publisher\" content=\"https:\/\/www.facebook.com\/grup.efebe\" \/>\n<meta property=\"article:modified_time\" content=\"2025-01-24T16:36:18+00:00\" \/>\n<meta property=\"og:image\" content=\"https:\/\/grupefebe.com\/custom\/uploads\/2021\/12\/AZR1967.jpg\" \/>\n\t<meta property=\"og:image:width\" content=\"1200\" \/>\n\t<meta property=\"og:image:height\" content=\"800\" \/>\n\t<meta property=\"og:image:type\" content=\"image\/jpeg\" \/>\n<meta name=\"twitter:card\" content=\"summary_large_image\" \/>\n<meta name=\"twitter:title\" content=\"Grup Efeb\u00e9\" \/>\n<meta name=\"twitter:description\" content=\"Grup Efeb\u00e9 som especialistes en reformes d&#039;escoles, arquitectura per resid\u00e8ncies de gent gran i en reformar oficines. Descobreix com ho fem!\" \/>\n<meta name=\"twitter:image\" content=\"https:\/\/grupefebe.com\/custom\/uploads\/2021\/12\/AZR1967.jpg\" \/>\n<meta name=\"twitter:site\" content=\"@grup_efebe\" \/>\n<script type=\"application\/ld+json\" class=\"yoast-schema-graph\">{\"@context\":\"https:\/\/schema.org\",\"@graph\":[{\"@type\":\"WebPage\",\"@id\":\"https:\/\/grupefebe.com\/pt-pt\/\",\"url\":\"https:\/\/grupefebe.com\/pt-pt\/\",\"name\":\"Arquitetura Saud\u00e1vel e Design Centrado no Humano | Grup Efeb\u00e9\",\"isPartOf\":{\"@id\":\"https:\/\/grupefebe.com\/pt-pt\/#website\"},\"datePublished\":\"2024-06-13T12:41:21+00:00\",\"dateModified\":\"2025-01-24T16:36:18+00:00\",\"description\":\"Especialistas em arquitetura saud\u00e1vel e sustent\u00e1vel. Com 20 anos de experi\u00eancia e mais de 140 projetos realizados. Descubra o Grup Efeb\u00e9.\",\"breadcrumb\":{\"@id\":\"https:\/\/grupefebe.com\/pt-pt\/#breadcrumb\"},\"inLanguage\":\"pt-PT\",\"potentialAction\":[{\"@type\":\"ReadAction\",\"target\":[\"https:\/\/grupefebe.com\/pt-pt\/\"]}]},{\"@type\":\"BreadcrumbList\",\"@id\":\"https:\/\/grupefebe.com\/pt-pt\/#breadcrumb\",\"itemListElement\":[{\"@type\":\"ListItem\",\"position\":1,\"name\":\"Inici\",\"item\":\"https:\/\/grupefebe.com\/pt-pt\/\"},{\"@type\":\"ListItem\",\"position\":2,\"name\":\"Home\"}]},{\"@type\":\"WebSite\",\"@id\":\"https:\/\/grupefebe.com\/pt-pt\/#website\",\"url\":\"https:\/\/grupefebe.com\/pt-pt\/\",\"name\":\"Grup Efeb\u00e9\",\"description\":\"Otro sitio realizado con WordPress\",\"publisher\":{\"@id\":\"https:\/\/grupefebe.com\/pt-pt\/#organization\"},\"potentialAction\":[{\"@type\":\"SearchAction\",\"target\":{\"@type\":\"EntryPoint\",\"urlTemplate\":\"https:\/\/grupefebe.com\/pt-pt\/?s={search_term_string}\"},\"query-input\":{\"@type\":\"PropertyValueSpecification\",\"valueRequired\":true,\"valueName\":\"search_term_string\"}}],\"inLanguage\":\"pt-PT\"},{\"@type\":\"Organization\",\"@id\":\"https:\/\/grupefebe.com\/pt-pt\/#organization\",\"name\":\"Grup Efeb\u00e9\",\"url\":\"https:\/\/grupefebe.com\/pt-pt\/\",\"logo\":{\"@type\":\"ImageObject\",\"inLanguage\":\"pt-PT\",\"@id\":\"https:\/\/grupefebe.com\/pt-pt\/#\/schema\/logo\/image\/\",\"url\":\"https:\/\/grupefebe.com\/custom\/uploads\/2021\/01\/logo-efebe.png\",\"contentUrl\":\"https:\/\/grupefebe.com\/custom\/uploads\/2021\/01\/logo-efebe.png\",\"width\":524,\"height\":135,\"caption\":\"Grup Efeb\u00e9\"},\"image\":{\"@id\":\"https:\/\/grupefebe.com\/pt-pt\/#\/schema\/logo\/image\/\"},\"sameAs\":[\"https:\/\/www.facebook.com\/grup.efebe\",\"https:\/\/x.com\/grup_efebe\",\"https:\/\/www.instagram.com\/grup_efebe\/\",\"https:\/\/www.linkedin.com\/company\/grupefebe\",\"https:\/\/www.youtube.com\/channel\/UCj11-LAuLhPfqrL2649Xzrw\"]}]}<\/script>\n<!-- \/ Yoast SEO plugin. -->","yoast_head_json":{"title":"Arquitetura Saud\u00e1vel e Design Centrado no Humano | Grup Efeb\u00e9","description":"Especialistas em arquitetura saud\u00e1vel e sustent\u00e1vel. Com 20 anos de experi\u00eancia e mais de 140 projetos realizados. Descubra o Grup Efeb\u00e9.","robots":{"index":"index","follow":"follow","max-snippet":"max-snippet:-1","max-image-preview":"max-image-preview:large","max-video-preview":"max-video-preview:-1"},"canonical":"https:\/\/grupefebe.com\/pt-pt\/","og_locale":"pt_PT","og_type":"article","og_title":"Grup Efeb\u00e9","og_description":"Grup Efeb\u00e9 som especialistes en reformes d'escoles, arquitectura per resid\u00e8ncies de gent gran i en reformar oficines. Descobreix com ho fem!","og_url":"https:\/\/grupefebe.com\/pt-pt\/","og_site_name":"Grupo Efeb\u00e9","article_publisher":"https:\/\/www.facebook.com\/grup.efebe","article_modified_time":"2025-01-24T16:36:18+00:00","og_image":[{"width":1200,"height":800,"url":"https:\/\/grupefebe.com\/custom\/uploads\/2021\/12\/AZR1967.jpg","type":"image\/jpeg"}],"twitter_card":"summary_large_image","twitter_title":"Grup Efeb\u00e9","twitter_description":"Grup Efeb\u00e9 som especialistes en reformes d'escoles, arquitectura per resid\u00e8ncies de gent gran i en reformar oficines. Descobreix com ho fem!","twitter_image":"https:\/\/grupefebe.com\/custom\/uploads\/2021\/12\/AZR1967.jpg","twitter_site":"@grup_efebe","schema":{"@context":"https:\/\/schema.org","@graph":[{"@type":"WebPage","@id":"https:\/\/grupefebe.com\/pt-pt\/","url":"https:\/\/grupefebe.com\/pt-pt\/","name":"Arquitetura Saud\u00e1vel e Design Centrado no Humano | Grup Efeb\u00e9","isPartOf":{"@id":"https:\/\/grupefebe.com\/pt-pt\/#website"},"datePublished":"2024-06-13T12:41:21+00:00","dateModified":"2025-01-24T16:36:18+00:00","description":"Especialistas em arquitetura saud\u00e1vel e sustent\u00e1vel. Com 20 anos de experi\u00eancia e mais de 140 projetos realizados. Descubra o Grup Efeb\u00e9.","breadcrumb":{"@id":"https:\/\/grupefebe.com\/pt-pt\/#breadcrumb"},"inLanguage":"pt-PT","potentialAction":[{"@type":"ReadAction","target":["https:\/\/grupefebe.com\/pt-pt\/"]}]},{"@type":"BreadcrumbList","@id":"https:\/\/grupefebe.com\/pt-pt\/#breadcrumb","itemListElement":[{"@type":"ListItem","position":1,"name":"Inici","item":"https:\/\/grupefebe.com\/pt-pt\/"},{"@type":"ListItem","position":2,"name":"Home"}]},{"@type":"WebSite","@id":"https:\/\/grupefebe.com\/pt-pt\/#website","url":"https:\/\/grupefebe.com\/pt-pt\/","name":"Grup Efeb\u00e9","description":"Otro sitio realizado con WordPress","publisher":{"@id":"https:\/\/grupefebe.com\/pt-pt\/#organization"},"potentialAction":[{"@type":"SearchAction","target":{"@type":"EntryPoint","urlTemplate":"https:\/\/grupefebe.com\/pt-pt\/?s={search_term_string}"},"query-input":{"@type":"PropertyValueSpecification","valueRequired":true,"valueName":"search_term_string"}}],"inLanguage":"pt-PT"},{"@type":"Organization","@id":"https:\/\/grupefebe.com\/pt-pt\/#organization","name":"Grup Efeb\u00e9","url":"https:\/\/grupefebe.com\/pt-pt\/","logo":{"@type":"ImageObject","inLanguage":"pt-PT","@id":"https:\/\/grupefebe.com\/pt-pt\/#\/schema\/logo\/image\/","url":"https:\/\/grupefebe.com\/custom\/uploads\/2021\/01\/logo-efebe.png","contentUrl":"https:\/\/grupefebe.com\/custom\/uploads\/2021\/01\/logo-efebe.png","width":524,"height":135,"caption":"Grup Efeb\u00e9"},"image":{"@id":"https:\/\/grupefebe.com\/pt-pt\/#\/schema\/logo\/image\/"},"sameAs":["https:\/\/www.facebook.com\/grup.efebe","https:\/\/x.com\/grup_efebe","https:\/\/www.instagram.com\/grup_efebe\/","https:\/\/www.linkedin.com\/company\/grupefebe","https:\/\/www.youtube.com\/channel\/UCj11-LAuLhPfqrL2649Xzrw"]}]}},"_links":{"self":[{"href":"https:\/\/grupefebe.com\/pt-pt\/wp-json\/wp\/v2\/pages\/24819","targetHints":{"allow":["GET"]}}],"collection":[{"href":"https:\/\/grupefebe.com\/pt-pt\/wp-json\/wp\/v2\/pages"}],"about":[{"href":"https:\/\/grupefebe.com\/pt-pt\/wp-json\/wp\/v2\/types\/page"}],"author":[{"embeddable":true,"href":"https:\/\/grupefebe.com\/pt-pt\/wp-json\/wp\/v2\/users\/1"}],"replies":[{"embeddable":true,"href":"https:\/\/grupefebe.com\/pt-pt\/wp-json\/wp\/v2\/comments?post=24819"}],"version-history":[{"count":33,"href":"https:\/\/grupefebe.com\/pt-pt\/wp-json\/wp\/v2\/pages\/24819\/revisions"}],"predecessor-version":[{"id":26796,"href":"https:\/\/grupefebe.com\/pt-pt\/wp-json\/wp\/v2\/pages\/24819\/revisions\/26796"}],"wp:attachment":[{"href":"https:\/\/grupefebe.com\/pt-pt\/wp-json\/wp\/v2\/media?parent=24819"}],"curies":[{"name":"wp","href":"https:\/\/api.w.org\/{rel}","templated":true}]}}